{"id":139,"date":"2022-03-29T11:48:31","date_gmt":"2022-03-29T11:48:31","guid":{"rendered":"http:\/\/www.uasandalucia.es\/?page_id=139"},"modified":"2022-04-06T10:05:53","modified_gmt":"2022-04-06T10:05:53","slug":"contacto","status":"publish","type":"page","link":"https:\/\/www.uasandalucia.es\/index.php\/contacto\/","title":{"rendered":"Contacto"},"content":{"rendered":"\t\t<div data-elementor-type=\"wp-page\" data-elementor-id=\"139\" class=\"elementor elementor-139\">\n\t\t\t\t\t\t<section class=\"elementor-section elementor-top-section elementor-element elementor-element-05d1bc8 elementor-section-full_width elementor-section-stretched elementor-section-height-default elementor-section-height-default\" data-id=\"05d1bc8\" data-element_type=\"section\" data-e-type=\"section\" data-settings=\"{&quot;stretch_section&quot;:&quot;section-stretched&quot;,&quot;background_background&quot;:&quot;classic&quot;}\">\n\t\t\t\t\t\t<div class=\"elementor-container elementor-column-gap-default\">\n\t\t\t\t\t<div class=\"elementor-column elementor-col-100 elementor-top-column elementor-element elementor-element-cd1135b\" data-id=\"cd1135b\" data-element_type=\"column\" data-e-type=\"column\">\n\t\t\t<div class=\"elementor-widget-wrap elementor-element-populated\">\n\t\t\t\t\t\t<div class=\"elementor-element elementor-element-109114e elementor-widget elementor-widget-text-editor\" data-id=\"109114e\" data-element_type=\"widget\" data-e-type=\"widget\" data-widget_type=\"text-editor.default\">\n\t\t\t\t<div class=\"elementor-widget-container\">\n\t\t\t\t\t\t\t\t\t<p><span style=\"color: #ffffff;\"><b>info@uasandalucia.es<\/b><\/span><\/p>\n<p><span style=\"color: #ffffff;\"><b>Asociaci\u00f3n de Unidades A\u00e9reas de Andaluc\u00eda<\/b><\/span><\/p>\t\t\t\t\t\t\t\t<\/div>\n\t\t\t\t<\/div>\n\t\t\t\t<div class=\"elementor-element elementor-element-ca6fa00 pp-contact-form-7-button-custom elementor-widget elementor-widget-pp-contact-form-7\" data-id=\"ca6fa00\" data-element_type=\"widget\" data-e-type=\"widget\" data-widget_type=\"pp-contact-form-7.default\">\n\t\t\t\t<div class=\"elementor-widget-container\">\n\t\t\t\t\t\t\t\t\t<div class=\"pp-contact-form pp-contact-form-7 placeholder-show\">\n\t\t\t\t\t\t\t\t\t\t<p class=\"wpcf7-contact-form-not-found\"><strong>Error:<\/strong> Formulario de contacto no encontrado.<\/p>\t\t\t\t<\/div>\n\t\t\t\t\t\t\t\t<\/div>\n\t\t\t\t<\/div>\n\t\t\t\t\t<\/div>\n\t\t<\/div>\n\t\t\t\t\t<\/div>\n\t\t<\/section>\n\t\t\t\t<\/div>\n\t\t","protected":false},"excerpt":{"rendered":"<p>info@uasandalucia.es Asociaci\u00f3n de Unidades A\u00e9reas de Andaluc\u00eda Nombre Direcci\u00f3n Correo electr\u00f3nico Tel\u00e9fono Cuerpo de Seguridad Mensaje (opcional)<\/p>\n","protected":false},"author":1,"featured_media":0,"parent":0,"menu_order":0,"comment_status":"closed","ping_status":"closed","template":"","meta":{"footnotes":""},"class_list":["post-139","page","type-page","status-publish","czr-hentry"],"_links":{"self":[{"href":"https:\/\/www.uasandalucia.es\/index.php\/wp-json\/wp\/v2\/pages\/139","targetHints":{"allow":["GET"]}}],"collection":[{"href":"https:\/\/www.uasandalucia.es\/index.php\/wp-json\/wp\/v2\/pages"}],"about":[{"href":"https:\/\/www.uasandalucia.es\/index.php\/wp-json\/wp\/v2\/types\/page"}],"author":[{"embeddable":true,"href":"https:\/\/www.uasandalucia.es\/index.php\/wp-json\/wp\/v2\/users\/1"}],"replies":[{"embeddable":true,"href":"https:\/\/www.uasandalucia.es\/index.php\/wp-json\/wp\/v2\/comments?post=139"}],"version-history":[{"count":54,"href":"https:\/\/www.uasandalucia.es\/index.php\/wp-json\/wp\/v2\/pages\/139\/revisions"}],"predecessor-version":[{"id":424,"href":"https:\/\/www.uasandalucia.es\/index.php\/wp-json\/wp\/v2\/pages\/139\/revisions\/424"}],"wp:attachment":[{"href":"https:\/\/www.uasandalucia.es\/index.php\/wp-json\/wp\/v2\/media?parent=139"}],"curies":[{"name":"wp","href":"https:\/\/api.w.org\/{rel}","templated":true}]}}