{"id":166,"date":"2022-03-29T12:39:04","date_gmt":"2022-03-29T12:39:04","guid":{"rendered":"http:\/\/www.uasandalucia.es\/?page_id=166"},"modified":"2022-04-06T08:42:54","modified_gmt":"2022-04-06T08:42:54","slug":"sobre-nosotros","status":"publish","type":"page","link":"https:\/\/www.uasandalucia.es\/index.php\/sobre-nosotros\/","title":{"rendered":"SOBRE NOSOTROS"},"content":{"rendered":"\t\t<div data-elementor-type=\"wp-page\" data-elementor-id=\"166\" class=\"elementor elementor-166\">\n\t\t\t\t\t\t<section class=\"elementor-section elementor-top-section elementor-element elementor-element-b34dab3 elementor-section-boxed elementor-section-height-default elementor-section-height-default\" data-id=\"b34dab3\" data-element_type=\"section\" data-e-type=\"section\">\n\t\t\t\t\t\t<div class=\"elementor-container elementor-column-gap-default\">\n\t\t\t\t\t<div class=\"elementor-column elementor-col-100 elementor-top-column elementor-element elementor-element-322fc7a5\" data-id=\"322fc7a5\" data-element_type=\"column\" data-e-type=\"column\">\n\t\t\t<div class=\"elementor-widget-wrap elementor-element-populated\">\n\t\t\t\t\t\t<div class=\"elementor-element elementor-element-714e0e89 elementor-widget elementor-widget-text-editor\" data-id=\"714e0e89\" data-element_type=\"widget\" data-e-type=\"widget\" data-widget_type=\"text-editor.default\">\n\t\t\t\t<div class=\"elementor-widget-container\">\n\t\t\t\t\t\t\t\t\t<p><\/p>\n<p style=\"text-align: left;\"><span style=\"color: #000000; font-size: 1.2em; background-color: inherit; text-align: inherit;\">Despu\u00e9s de su constituci\u00f3n en Carmona el 6 de Octubre de 2021, UAS Andaluc\u00eda (Asociaci\u00f3n de Unidades A\u00e9reas de Seguridad de Andaluc\u00eda) sigue progresando gracias al enorme soporte t\u00e9cnico y profesional de<\/span><\/p>\n<p style=\"text-align: left;\"><span style=\"color: #000000;\">todas las Unidades Policiales que se han adherido a este proyecto y la conforman, siendo en la actualidad un referente andaluz, donde transmitir conocimientos y asesoramiento a los profesionales de los cuerpos de seguridad p\u00fablica de Andaluc\u00eda.<\/span><\/p>\n<p style=\"text-align: left;\"><span style=\"color: #000000;\">La creaci\u00f3n de esta Asociaci\u00f3n de Unidades A\u00e9reas de Seguridad, viene de la mano de la Consejer\u00eda de la Presidencia, Administraci\u00f3n P\u00fablica e Interior de la Junta de Andaluc\u00eda, la cual junto al Instituto de Emergencias y Seguridad P\u00fablica de Andaluc\u00eda (IESPA), otorgando una formaci\u00f3n continua de calidad y profesional a todos sus componentes.<\/span><\/p>\n<p style=\"text-align: left;\"><span style=\"color: #000000;\">UAS Andaluc\u00eda ha cerrado un excelente convenio de colaboraci\u00f3n con la entidad CUROSDRONES, empresa que apuesta por la formaci\u00f3n de calidad e implantaci\u00f3n de estas aeronaves no tripuladas en todas las FFCCSS,<\/span><br \/><span style=\"color: #000000;\">adem\u00e1s de ser distribuidor y servicio t\u00e9cnico DJI Espa\u00f1a, de esta forma se ampl\u00eda la profesionalidad y la formaci\u00f3n que se transmitir\u00e1 por parte de UAS Andaluc\u00eda.<\/span><\/p>\n<p><\/p>\t\t\t\t\t\t\t\t<\/div>\n\t\t\t\t<\/div>\n\t\t\t\t<div class=\"elementor-element elementor-element-5d7b435 elementor-widget elementor-widget-image\" data-id=\"5d7b435\" data-element_type=\"widget\" data-e-type=\"widget\" data-widget_type=\"image.default\">\n\t\t\t\t<div class=\"elementor-widget-container\">\n\t\t\t\t\t\t\t\t\t\t\t\t\t\t\t<img fetchpriority=\"high\" decoding=\"async\" width=\"1024\" height=\"576\" src=\"https:\/\/www.uasandalucia.es\/wp-content\/uploads\/2022\/04\/Sobre_Nosotros-1024x576.jpg\" class=\"attachment-large size-large wp-image-394\" alt=\"\" srcset=\"https:\/\/www.uasandalucia.es\/wp-content\/uploads\/2022\/04\/Sobre_Nosotros-1024x576.jpg 1024w, https:\/\/www.uasandalucia.es\/wp-content\/uploads\/2022\/04\/Sobre_Nosotros-300x169.jpg 300w, https:\/\/www.uasandalucia.es\/wp-content\/uploads\/2022\/04\/Sobre_Nosotros-768x432.jpg 768w, https:\/\/www.uasandalucia.es\/wp-content\/uploads\/2022\/04\/Sobre_Nosotros-1536x864.jpg 1536w, https:\/\/www.uasandalucia.es\/wp-content\/uploads\/2022\/04\/Sobre_Nosotros-2048x1152.jpg 2048w, https:\/\/www.uasandalucia.es\/wp-content\/uploads\/2022\/04\/Sobre_Nosotros-1110x624.jpg 1110w, https:\/\/www.uasandalucia.es\/wp-content\/uploads\/2022\/04\/Sobre_Nosotros-528x297.jpg 528w\" sizes=\"(max-width: 1024px) 100vw, 1024px\" \/>\t\t\t\t\t\t\t\t\t\t\t\t\t\t\t<\/div>\n\t\t\t\t<\/div>\n\t\t\t\t\t<\/div>\n\t\t<\/div>\n\t\t\t\t\t<\/div>\n\t\t<\/section>\n\t\t\t\t<\/div>\n\t\t","protected":false},"excerpt":{"rendered":"<p>Despu\u00e9s de su constituci\u00f3n en Carmona el 6 de Octubre de 2021, UAS Andaluc\u00eda (Asociaci\u00f3n de Unidades A\u00e9reas de Seguridad de Andaluc\u00eda) sigue progresando gracias al enorme soporte t\u00e9cnico y profesional de todas las Unidades Policiales que se han adherido a este proyecto y la conforman, siendo en la actualidad un referente andaluz, donde transmitir [&hellip;]<\/p>\n","protected":false},"author":1,"featured_media":0,"parent":0,"menu_order":0,"comment_status":"closed","ping_status":"closed","template":"","meta":{"footnotes":""},"class_list":["post-166","page","type-page","status-publish","czr-hentry"],"_links":{"self":[{"href":"https:\/\/www.uasandalucia.es\/index.php\/wp-json\/wp\/v2\/pages\/166","targetHints":{"allow":["GET"]}}],"collection":[{"href":"https:\/\/www.uasandalucia.es\/index.php\/wp-json\/wp\/v2\/pages"}],"about":[{"href":"https:\/\/www.uasandalucia.es\/index.php\/wp-json\/wp\/v2\/types\/page"}],"author":[{"embeddable":true,"href":"https:\/\/www.uasandalucia.es\/index.php\/wp-json\/wp\/v2\/users\/1"}],"replies":[{"embeddable":true,"href":"https:\/\/www.uasandalucia.es\/index.php\/wp-json\/wp\/v2\/comments?post=166"}],"version-history":[{"count":11,"href":"https:\/\/www.uasandalucia.es\/index.php\/wp-json\/wp\/v2\/pages\/166\/revisions"}],"predecessor-version":[{"id":684,"href":"https:\/\/www.uasandalucia.es\/index.php\/wp-json\/wp\/v2\/pages\/166\/revisions\/684"}],"wp:attachment":[{"href":"https:\/\/www.uasandalucia.es\/index.php\/wp-json\/wp\/v2\/media?parent=166"}],"curies":[{"name":"wp","href":"https:\/\/api.w.org\/{rel}","templated":true}]}}